{"id":33,"date":"2026-01-20T18:46:04","date_gmt":"2026-01-20T18:46:04","guid":{"rendered":"https:\/\/www.compagnie-lefou.fr\/?page_id=33"},"modified":"2026-03-05T11:37:20","modified_gmt":"2026-03-05T11:37:20","slug":"marcantoine","status":"publish","type":"page","link":"https:\/\/www.compagnie-lefou.fr\/index.php\/marcantoine\/","title":{"rendered":"Marc Antoine"},"content":{"rendered":"\n<p class=\"has-heading-font-family has-x-large-font-size\">Robert Garnier<\/p>\n\n\n\n<p class=\"has-heading-font-family has-large-font-size\">Mise en sc\u00e8ne Victor de Berranger<\/p>\n\n\n\n<p><\/p>\n\n\n\n<div class=\"wp-block-group alignfull has-accent-5-background-color has-background has-global-padding is-layout-constrained wp-container-core-group-is-layout-669513ed wp-block-group-is-layout-constrained\" style=\"margin-top:0;margin-bottom:0;padding-top:var(--wp--preset--spacing--50);padding-right:var(--wp--preset--spacing--50);padding-bottom:var(--wp--preset--spacing--50);padding-left:var(--wp--preset--spacing--50)\">\n<figure class=\"wp-block-image size-large\"><img loading=\"lazy\" decoding=\"async\" width=\"683\" height=\"1024\" src=\"http:\/\/www.compagnie-lefou.fr\/wp-content\/uploads\/2026\/02\/FLYER-A-v001-683x1024.png\" alt=\"\" class=\"wp-image-76\" srcset=\"https:\/\/www.compagnie-lefou.fr\/wp-content\/uploads\/2026\/02\/FLYER-A-v001-683x1024.png 683w, https:\/\/www.compagnie-lefou.fr\/wp-content\/uploads\/2026\/02\/FLYER-A-v001-200x300.png 200w, https:\/\/www.compagnie-lefou.fr\/wp-content\/uploads\/2026\/02\/FLYER-A-v001-768x1152.png 768w, https:\/\/www.compagnie-lefou.fr\/wp-content\/uploads\/2026\/02\/FLYER-A-v001-1024x1536.png 1024w, https:\/\/www.compagnie-lefou.fr\/wp-content\/uploads\/2026\/02\/FLYER-A-v001.png 1080w\" sizes=\"auto, (max-width: 683px) 100vw, 683px\" \/><\/figure>\n\n\n\n<div class=\"wp-block-group is-nowrap is-layout-flex wp-container-core-group-is-layout-6c531013 wp-block-group-is-layout-flex\">\n<div class=\"wp-block-columns is-layout-flex wp-container-core-columns-is-layout-28f84493 wp-block-columns-is-layout-flex\">\n<div class=\"wp-block-column is-layout-flow wp-block-column-is-layout-flow\"><\/div>\n\n\n\n<div class=\"wp-block-column is-layout-flow wp-block-column-is-layout-flow\"><\/div>\n<\/div>\n\n\n\n<p class=\"has-heading-font-family has-large-font-size\" style=\"line-height:1.2\">On dit que Cl\u00e9op\u00e2tre et son amant Marc-Antoine sont morts au cours de la guerre qui les opposait \u00e0 l\u2019empereur Octave. Mais ce dernier raconte qu\u2019ils sont emprisonn\u00e9s dans ses g\u00e9oles et qu\u2019il les oblige, devant la foule de Rome, \u00e0 interpr\u00e9ter un spectacle \u00e9crit en leur honneur par Robert Garnier. Parfois narrateur, parfois souffleur, ou interpr\u00e9tant son propre r\u00f4le dans la pi\u00e8ce, Octave est le ma\u00eetre du jeu, dans une c\u00e9r\u00e9monie macabre o\u00f9 tous se rel\u00e8vent \u00e0 la fin.&nbsp;<br><\/p>\n<\/div>\n\n\n\n<div class=\"wp-block-columns alignwide is-layout-flex wp-container-core-columns-is-layout-1da03c2a wp-block-columns-is-layout-flex\">\n<div class=\"wp-block-column is-vertically-aligned-stretch is-layout-flow wp-block-column-is-layout-flow\" style=\"flex-basis:50%\"><\/div>\n<\/div>\n<\/div>\n\n\n\n<div class=\"wp-block-group alignfull has-accent-5-background-color has-background has-global-padding is-layout-constrained wp-container-core-group-is-layout-d89aad35 wp-block-group-is-layout-constrained\" style=\"margin-top:0;margin-bottom:0;padding-top:var(--wp--preset--spacing--50);padding-right:var(--wp--preset--spacing--50);padding-bottom:var(--wp--preset--spacing--50);padding-left:var(--wp--preset--spacing--50)\">\n<h2 class=\"wp-block-heading has-text-align-center\">Bande Annonce<\/h2>\n\n\n\n<figure class=\"wp-block-embed is-type-video is-provider-vimeo wp-block-embed-vimeo wp-embed-aspect-21-9 wp-has-aspect-ratio\"><div class=\"wp-block-embed__wrapper\">\n<iframe loading=\"lazy\" title=\"Trailer Marc Antoine - Robert Garnier\" src=\"https:\/\/player.vimeo.com\/video\/1170632013?dnt=1&amp;app_id=122963\" width=\"500\" height=\"213\" frameborder=\"0\" allow=\"autoplay; fullscreen; picture-in-picture; clipboard-write; encrypted-media; web-share\" referrerpolicy=\"strict-origin-when-cross-origin\"><\/iframe>\n<\/div><\/figure>\n<\/div>\n\n\n\n<div class=\"wp-block-group alignfull has-base-background-color has-background has-global-padding is-layout-constrained wp-container-core-group-is-layout-d89aad35 wp-block-group-is-layout-constrained\" style=\"margin-top:0;margin-bottom:0;padding-top:var(--wp--preset--spacing--50);padding-right:var(--wp--preset--spacing--50);padding-bottom:var(--wp--preset--spacing--50);padding-left:var(--wp--preset--spacing--50)\">\n<div class=\"wp-block-columns alignwide is-layout-flex wp-container-core-columns-is-layout-549b0c86 wp-block-columns-is-layout-flex\">\n<div class=\"wp-block-column has-global-padding is-content-justification-left is-layout-constrained wp-container-core-column-is-layout-4f15e8fe wp-block-column-is-layout-constrained\" style=\"flex-basis:40%\">\n<p class=\"has-medium-font-size\"><strong>Pourquoi adapter Robert Garnier ?<\/strong><\/p>\n<\/div>\n\n\n\n<div class=\"wp-block-column is-layout-flow wp-container-core-column-is-layout-119bc444 wp-block-column-is-layout-flow\" style=\"flex-basis:60%\">\n<figure class=\"wp-block-image size-large is-style-rounded is-style-rounded--1\"><img loading=\"lazy\" decoding=\"async\" width=\"1029\" height=\"1029\" src=\"https:\/\/www.compagnie-lefou.fr\/wp-content\/uploads\/2026\/02\/Photo-A-edited.png\" alt=\"\" class=\"wp-image-102\" srcset=\"https:\/\/www.compagnie-lefou.fr\/wp-content\/uploads\/2026\/02\/Photo-A-edited.png 1029w, https:\/\/www.compagnie-lefou.fr\/wp-content\/uploads\/2026\/02\/Photo-A-edited-300x300.png 300w, https:\/\/www.compagnie-lefou.fr\/wp-content\/uploads\/2026\/02\/Photo-A-edited-1024x1024.png 1024w, https:\/\/www.compagnie-lefou.fr\/wp-content\/uploads\/2026\/02\/Photo-A-edited-150x150.png 150w, https:\/\/www.compagnie-lefou.fr\/wp-content\/uploads\/2026\/02\/Photo-A-edited-768x768.png 768w\" sizes=\"auto, (max-width: 1029px) 100vw, 1029px\" \/><\/figure>\n\n\n\n<p class=\"has-heading-font-family has-large-font-size\" style=\"line-height:1.2\">En lisant Marc-Antoine, c\u2019est sa langue qui retient tout de suite l\u2019attention. Un m\u00e9lange de po\u00e9sie invocatoire, de grande sauvagerie et d\u2019images surprenantes. Avec ce mat\u00e9riau, nous avons donc voulu composer un spectacle o\u00f9 l\u2019enjeu serait de faire entendre cette langue lointaine en la rendant accessible, de faire sentir la libert\u00e9 qui irrigue ce langage.<\/p>\n\n\n\n<figure class=\"wp-block-image size-large is-style-rounded is-style-rounded--2\"><img loading=\"lazy\" decoding=\"async\" width=\"1080\" height=\"1080\" src=\"https:\/\/www.compagnie-lefou.fr\/wp-content\/uploads\/2026\/02\/Photo-X-1-edited.png\" alt=\"\" class=\"wp-image-94\" srcset=\"https:\/\/www.compagnie-lefou.fr\/wp-content\/uploads\/2026\/02\/Photo-X-1-edited.png 1080w, https:\/\/www.compagnie-lefou.fr\/wp-content\/uploads\/2026\/02\/Photo-X-1-edited-300x300.png 300w, https:\/\/www.compagnie-lefou.fr\/wp-content\/uploads\/2026\/02\/Photo-X-1-edited-1024x1024.png 1024w, https:\/\/www.compagnie-lefou.fr\/wp-content\/uploads\/2026\/02\/Photo-X-1-edited-150x150.png 150w, https:\/\/www.compagnie-lefou.fr\/wp-content\/uploads\/2026\/02\/Photo-X-1-edited-768x768.png 768w\" sizes=\"auto, (max-width: 1080px) 100vw, 1080px\" \/><\/figure>\n\n\n\n<p class=\"has-heading-font-family has-large-font-size\" style=\"line-height:1.2\"><\/p>\n\n\n\n<div class=\"wp-block-columns is-layout-flex wp-container-core-columns-is-layout-87beb0d0 wp-block-columns-is-layout-flex\">\n<div class=\"wp-block-column is-layout-flow wp-block-column-is-layout-flow\">\n<p>Avec le dispositif de mise en abyme, nous voulons explorer les id\u00e9es d\u2019incarnation, de rapports de pouvoir (avec des personnages-com\u00e9diens, condamn\u00e9s \u00e0 jouer par un personnage-metteur en sc\u00e8ne tortionnaire) et interroger la place du public dans la repr\u00e9sentation. Il s\u2019agit ainsi d\u2019un spectacle-c\u00e9r\u00e9monie, autour du texte et des personnages de Robert Garnier, avec l\u2019ambition de faire surgir sur sc\u00e8ne, pour de vrai, un pan de cette mythologie.<\/p>\n\n\n\n<p><\/p>\n<\/div>\n<\/div>\n<\/div>\n<\/div>\n<\/div>\n\n\n\n<div class=\"wp-block-group alignfull has-accent-5-background-color has-background has-global-padding is-layout-constrained wp-container-core-group-is-layout-d89aad35 wp-block-group-is-layout-constrained\" style=\"margin-top:0;margin-bottom:0;padding-top:var(--wp--preset--spacing--50);padding-right:var(--wp--preset--spacing--50);padding-bottom:var(--wp--preset--spacing--50);padding-left:var(--wp--preset--spacing--50)\">\n<div class=\"wp-block-columns alignwide is-layout-flex wp-container-core-columns-is-layout-1da03c2a wp-block-columns-is-layout-flex\">\n<div class=\"wp-block-column is-vertically-aligned-center is-layout-flow wp-block-column-is-layout-flow\" style=\"flex-basis:60%\">\n<figure class=\"wp-block-image size-full is-style-rounded is-style-rounded--3\"><img loading=\"lazy\" decoding=\"async\" width=\"1019\" height=\"573\" src=\"https:\/\/www.compagnie-lefou.fr\/wp-content\/uploads\/2026\/02\/Photo-B-edited-1.png\" alt=\"\" class=\"wp-image-87\" srcset=\"https:\/\/www.compagnie-lefou.fr\/wp-content\/uploads\/2026\/02\/Photo-B-edited-1.png 1019w, https:\/\/www.compagnie-lefou.fr\/wp-content\/uploads\/2026\/02\/Photo-B-edited-1-300x169.png 300w, https:\/\/www.compagnie-lefou.fr\/wp-content\/uploads\/2026\/02\/Photo-B-edited-1-768x432.png 768w\" sizes=\"auto, (max-width: 1019px) 100vw, 1019px\" \/><\/figure>\n<\/div>\n\n\n\n<div class=\"wp-block-column is-layout-flow wp-block-column-is-layout-flow\" style=\"flex-basis:40%\">\n<h2 class=\"wp-block-heading\"><\/h2>\n\n\n\n<p>Marc-Antoine est une pi\u00e8ce \u00e9crite en 1578, et si l\u2019\u0153uvre de Garnier a servi de terreau pour les auteurs du XVIIe si\u00e8cle, elle est peu repr\u00e9sent\u00e9e depuis sa cr\u00e9ation, essentiellement en raison de la difficult\u00e9 de sa langue et de la pauvret\u00e9 de son intrigue.<\/p>\n<\/div>\n<\/div>\n<\/div>\n\n\n\n<figure class=\"wp-block-image size-full is-style-rounded wp-duotone-unset-5 is-style-rounded--4\"><img loading=\"lazy\" decoding=\"async\" width=\"730\" height=\"1297\" src=\"https:\/\/www.compagnie-lefou.fr\/wp-content\/uploads\/2026\/02\/Photo-Y-edited.png\" alt=\"\" class=\"wp-image-88\" srcset=\"https:\/\/www.compagnie-lefou.fr\/wp-content\/uploads\/2026\/02\/Photo-Y-edited.png 730w, https:\/\/www.compagnie-lefou.fr\/wp-content\/uploads\/2026\/02\/Photo-Y-edited-169x300.png 169w, https:\/\/www.compagnie-lefou.fr\/wp-content\/uploads\/2026\/02\/Photo-Y-edited-576x1024.png 576w\" sizes=\"auto, (max-width: 730px) 100vw, 730px\" \/><\/figure>\n\n\n\n<div class=\"wp-block-group alignfull has-base-background-color has-background has-global-padding is-layout-constrained wp-container-core-group-is-layout-d89aad35 wp-block-group-is-layout-constrained\" style=\"margin-top:0;margin-bottom:0;padding-top:var(--wp--preset--spacing--50);padding-right:var(--wp--preset--spacing--50);padding-bottom:var(--wp--preset--spacing--50);padding-left:var(--wp--preset--spacing--50)\">\n<div class=\"wp-block-columns alignwide is-layout-flex wp-container-core-columns-is-layout-549b0c86 wp-block-columns-is-layout-flex\">\n<div class=\"wp-block-column has-global-padding is-content-justification-left is-layout-constrained wp-container-core-column-is-layout-4f15e8fe wp-block-column-is-layout-constrained\" style=\"flex-basis:40%\">\n<p class=\"has-medium-font-size\"><strong>Au sujet de l\u2019adaptation<\/strong><\/p>\n<\/div>\n\n\n\n<div class=\"wp-block-column is-layout-flow wp-container-core-column-is-layout-119bc444 wp-block-column-is-layout-flow\" style=\"flex-basis:60%\">\n<p class=\"has-heading-font-family has-large-font-size\" style=\"line-height:1.2\">Pour la langue nous avons cherch\u00e9 un \u00e9quilibre, afin de rendre le texte intelligible sans sacrifier la po\u00e9sie de Garnier, pleine de mots archa\u00efques avec une grande force d\u2019\u00e9vocation, tout en respectant la versification.<br>En ce qui concerne la dramaturgie, nous n\u2019avons pas conserv\u00e9 les passages du ch\u0153ur, pour les remplacer par des interventions en prose d\u2019Octave, afin de donner du contexte aux sc\u00e8nes et de cr\u00e9er un ensemble coh\u00e9rent. Nous avons \u00e9galement fait de rencontrer les personnages, afin de cr\u00e9er des situations, plus aptes \u00e0 nourrir le jeu des com\u00e9diens et att\u00e9nuer l\u2019aspect fig\u00e9 des diff\u00e9rents actes.<\/p>\n\n\n\n<p class=\"has-heading-font-family has-x-large-font-size\" style=\"line-height:1.2\"><br><\/p>\n<\/div>\n<\/div>\n<\/div>\n\n\n\n<div class=\"wp-block-group alignfull has-accent-5-background-color has-background has-global-padding is-layout-constrained wp-container-core-group-is-layout-d89aad35 wp-block-group-is-layout-constrained\" style=\"margin-top:0;margin-bottom:0;padding-top:var(--wp--preset--spacing--50);padding-right:var(--wp--preset--spacing--50);padding-bottom:var(--wp--preset--spacing--50);padding-left:var(--wp--preset--spacing--50)\">\n<div class=\"wp-block-group has-global-padding is-layout-constrained wp-block-group-is-layout-constrained\">\n<h2 class=\"wp-block-heading has-text-align-center\">Sc\u00e9nographie<\/h2>\n<\/div>\n\n\n\n<figure class=\"wp-block-image size-full is-style-rounded is-style-rounded--6\"><img loading=\"lazy\" decoding=\"async\" width=\"1297\" height=\"730\" src=\"http:\/\/www.compagnie-lefou.fr\/wp-content\/uploads\/2026\/01\/Garnier-03.png\" alt=\"\" class=\"wp-image-57\" srcset=\"https:\/\/www.compagnie-lefou.fr\/wp-content\/uploads\/2026\/01\/Garnier-03.png 1297w, https:\/\/www.compagnie-lefou.fr\/wp-content\/uploads\/2026\/01\/Garnier-03-300x169.png 300w, https:\/\/www.compagnie-lefou.fr\/wp-content\/uploads\/2026\/01\/Garnier-03-1024x576.png 1024w, https:\/\/www.compagnie-lefou.fr\/wp-content\/uploads\/2026\/01\/Garnier-03-768x432.png 768w\" sizes=\"auto, (max-width: 1297px) 100vw, 1297px\" \/><\/figure>\n\n\n\n<div class=\"wp-block-group has-global-padding is-layout-constrained wp-block-group-is-layout-constrained\">\n<p class=\"has-medium-font-size\">L\u2019espace dans lequel Cl\u00e9op\u00e2tre et Marc-Antoine seront oblig\u00e9s de jouer sera d\u2019abord figur\u00e9 par quatre chaises neutres, dispos\u00e9es en un trap\u00e8ze dont les deux c\u00f4t\u00e9s sont reli\u00e9s par des cordes, sugg\u00e9rant une forme de ring. Par la suite le dispositifs \u00e9voluera, pour repr\u00e9senter les lieux successifs de la pi\u00e8ce : un bateau, un palais et un s\u00e9pulcre.<\/p>\n<\/div>\n<\/div>\n\n\n\n<div class=\"wp-block-group alignfull has-global-padding is-layout-constrained wp-container-core-group-is-layout-669513ed wp-block-group-is-layout-constrained\" style=\"margin-top:0;margin-bottom:0;padding-top:var(--wp--preset--spacing--50);padding-right:var(--wp--preset--spacing--50);padding-bottom:var(--wp--preset--spacing--50);padding-left:var(--wp--preset--spacing--50)\">\n<div class=\"wp-block-group is-vertical is-content-justification-center is-layout-flex wp-container-core-group-is-layout-ce155fab wp-block-group-is-layout-flex\">\n<h2 class=\"wp-block-heading has-text-align-center has-xx-large-font-size\">Equipe de cr\u00e9ation<\/h2>\n\n\n\n<p class=\"has-text-align-center\"><\/p>\n<\/div>\n\n\n\n<div style=\"height:var(--wp--preset--spacing--30)\" aria-hidden=\"true\" class=\"wp-block-spacer\"><\/div>\n\n\n\n<div class=\"wp-block-columns alignwide is-layout-flex wp-container-core-columns-is-layout-4935966c wp-block-columns-is-layout-flex\" style=\"padding-right:0;padding-left:0\">\n<div class=\"wp-block-column is-layout-flow wp-block-column-is-layout-flow\">\n<figure class=\"wp-block-image size-full is-style-rounded wp-duotone-duotone-1 is-style-rounded--7\"><img loading=\"lazy\" decoding=\"async\" width=\"504\" height=\"502\" src=\"http:\/\/www.compagnie-lefou.fr\/wp-content\/uploads\/2026\/01\/Fx-Boucherak.png\" alt=\"\" class=\"wp-image-42\" style=\"aspect-ratio:1;object-fit:cover\" srcset=\"https:\/\/www.compagnie-lefou.fr\/wp-content\/uploads\/2026\/01\/Fx-Boucherak.png 504w, https:\/\/www.compagnie-lefou.fr\/wp-content\/uploads\/2026\/01\/Fx-Boucherak-300x300.png 300w, https:\/\/www.compagnie-lefou.fr\/wp-content\/uploads\/2026\/01\/Fx-Boucherak-150x150.png 150w\" sizes=\"auto, (max-width: 504px) 100vw, 504px\" \/><\/figure>\n\n\n\n<div class=\"wp-block-group is-vertical is-content-justification-center is-nowrap is-layout-flex wp-container-core-group-is-layout-21d4e958 wp-block-group-is-layout-flex\">\n<p class=\"has-text-align-center has-small-font-size\"><strong>Fran\u00e7ois-Xavier BOUCHERAK<\/strong><\/p>\n\n\n\n<p class=\"has-text-align-center has-small-font-size\">Marc-Antoine<\/p>\n<\/div>\n<\/div>\n\n\n\n<div class=\"wp-block-column is-layout-flow wp-block-column-is-layout-flow\">\n<figure class=\"wp-block-image size-full is-style-rounded wp-duotone-duotone-1 is-style-rounded--8\"><img loading=\"lazy\" decoding=\"async\" width=\"365\" height=\"544\" src=\"http:\/\/www.compagnie-lefou.fr\/wp-content\/uploads\/2026\/01\/Lola.png\" alt=\"\" class=\"wp-image-53\" style=\"aspect-ratio:1;object-fit:cover\" srcset=\"https:\/\/www.compagnie-lefou.fr\/wp-content\/uploads\/2026\/01\/Lola.png 365w, https:\/\/www.compagnie-lefou.fr\/wp-content\/uploads\/2026\/01\/Lola-201x300.png 201w\" sizes=\"auto, (max-width: 365px) 100vw, 365px\" \/><\/figure>\n\n\n\n<div class=\"wp-block-group is-vertical is-content-justification-center is-nowrap is-layout-flex wp-container-core-group-is-layout-63bfd6c1 wp-block-group-is-layout-flex\">\n<p class=\"has-text-align-center has-small-font-size\"><strong>Lola KESSLER<\/strong><\/p>\n\n\n\n<p class=\"has-text-align-center has-small-font-size\">Cl\u00e9op\u00e2tre<\/p>\n<\/div>\n<\/div>\n\n\n\n<div class=\"wp-block-column is-layout-flow wp-block-column-is-layout-flow\">\n<figure class=\"wp-block-image size-full is-style-rounded wp-duotone-duotone-1 is-style-rounded--9\"><img loading=\"lazy\" decoding=\"async\" width=\"360\" height=\"484\" src=\"http:\/\/www.compagnie-lefou.fr\/wp-content\/uploads\/2026\/01\/Francois.png\" alt=\"\" class=\"wp-image-52\" style=\"aspect-ratio:1;object-fit:cover\" srcset=\"https:\/\/www.compagnie-lefou.fr\/wp-content\/uploads\/2026\/01\/Francois.png 360w, https:\/\/www.compagnie-lefou.fr\/wp-content\/uploads\/2026\/01\/Francois-223x300.png 223w\" sizes=\"auto, (max-width: 360px) 100vw, 360px\" \/><\/figure>\n\n\n\n<div class=\"wp-block-group is-vertical is-content-justification-center is-nowrap is-layout-flex wp-container-core-group-is-layout-63bfd6c1 wp-block-group-is-layout-flex\">\n<p class=\"has-text-align-center has-small-font-size\"><strong>Fran\u00e7ois BECCIOLINI<\/strong><\/p>\n\n\n\n<p class=\"has-text-align-center has-small-font-size\">Octave<\/p>\n<\/div>\n<\/div>\n\n\n\n<div class=\"wp-block-column is-layout-flow wp-block-column-is-layout-flow\">\n<figure class=\"wp-block-image size-full is-style-rounded wp-duotone-duotone-1 is-style-rounded--10\"><img loading=\"lazy\" decoding=\"async\" width=\"360\" height=\"540\" src=\"http:\/\/www.compagnie-lefou.fr\/wp-content\/uploads\/2026\/01\/Victor.png\" alt=\"\" class=\"wp-image-54\" style=\"aspect-ratio:1;object-fit:cover\" srcset=\"https:\/\/www.compagnie-lefou.fr\/wp-content\/uploads\/2026\/01\/Victor.png 360w, https:\/\/www.compagnie-lefou.fr\/wp-content\/uploads\/2026\/01\/Victor-200x300.png 200w\" sizes=\"auto, (max-width: 360px) 100vw, 360px\" \/><\/figure>\n\n\n\n<div class=\"wp-block-group is-vertical is-content-justification-center is-nowrap is-layout-flex wp-container-core-group-is-layout-21d4e958 wp-block-group-is-layout-flex\">\n<p class=\"has-text-align-center has-small-font-size\"><strong>Victor de BERRANGER<\/strong><\/p>\n\n\n\n<p class=\"has-text-align-center has-small-font-size\">Metteur en sc\u00e8ne et adaptateur<\/p>\n<\/div>\n<\/div>\n<\/div>\n<\/div>\n\n\n\n<p><\/p>\n","protected":false},"excerpt":{"rendered":"<p>Robert Garnier Mise en sc\u00e8ne Victor de Berranger On dit que Cl\u00e9op\u00e2tre et son amant Marc-Antoine sont morts au cours de la guerre qui les opposait \u00e0 l\u2019empereur Octave. Mais ce dernier raconte qu\u2019ils sont emprisonn\u00e9s dans ses g\u00e9oles et qu\u2019il les oblige, devant la foule de Rome, \u00e0 interpr\u00e9ter un spectacle \u00e9crit en leur [&hellip;]<\/p>\n","protected":false},"author":1,"featured_media":0,"parent":0,"menu_order":0,"comment_status":"closed","ping_status":"closed","template":"","meta":{"footnotes":""},"class_list":["post-33","page","type-page","status-publish","hentry"],"_links":{"self":[{"href":"https:\/\/www.compagnie-lefou.fr\/index.php\/wp-json\/wp\/v2\/pages\/33","targetHints":{"allow":["GET"]}}],"collection":[{"href":"https:\/\/www.compagnie-lefou.fr\/index.php\/wp-json\/wp\/v2\/pages"}],"about":[{"href":"https:\/\/www.compagnie-lefou.fr\/index.php\/wp-json\/wp\/v2\/types\/page"}],"author":[{"embeddable":true,"href":"https:\/\/www.compagnie-lefou.fr\/index.php\/wp-json\/wp\/v2\/users\/1"}],"replies":[{"embeddable":true,"href":"https:\/\/www.compagnie-lefou.fr\/index.php\/wp-json\/wp\/v2\/comments?post=33"}],"version-history":[{"count":24,"href":"https:\/\/www.compagnie-lefou.fr\/index.php\/wp-json\/wp\/v2\/pages\/33\/revisions"}],"predecessor-version":[{"id":104,"href":"https:\/\/www.compagnie-lefou.fr\/index.php\/wp-json\/wp\/v2\/pages\/33\/revisions\/104"}],"wp:attachment":[{"href":"https:\/\/www.compagnie-lefou.fr\/index.php\/wp-json\/wp\/v2\/media?parent=33"}],"curies":[{"name":"wp","href":"https:\/\/api.w.org\/{rel}","templated":true}]}}